{"id":2714,"date":"2024-12-30T09:49:25","date_gmt":"2024-12-30T08:49:25","guid":{"rendered":"https:\/\/domaineduchateau-epinal.com\/index.php\/onze-blog\/"},"modified":"2025-02-24T18:36:41","modified_gmt":"2025-02-24T17:36:41","slug":"onze-blog","status":"publish","type":"page","link":"https:\/\/domaineduchateau-epinal.com\/index.php\/onze-blog\/?lang=nl","title":{"rendered":"Onze blog"},"content":{"rendered":"\t\t<div data-elementor-type=\"wp-page\" data-elementor-id=\"2714\" class=\"elementor elementor-2714 elementor-1687\" data-elementor-post-type=\"page\">\n\t\t\t\t<div class=\"elementor-element elementor-element-7d2dea9 e-con-full e-flex e-con e-parent\" data-id=\"7d2dea9\" data-element_type=\"container\" data-settings=\"{&quot;background_background&quot;:&quot;classic&quot;}\">\n\t\t\t\t<div class=\"elementor-element elementor-element-a244bac elementor-widget elementor-widget-heading\" data-id=\"a244bac\" data-element_type=\"widget\" data-widget_type=\"heading.default\">\n\t\t\t\t<div class=\"elementor-widget-container\">\n\t\t\t\t\t<h1 class=\"elementor-heading-title elementor-size-default\">ONZE BLOG<\/h1>\t\t\t\t<\/div>\n\t\t\t\t<\/div>\n\t\t\t\t<\/div>\n\t\t<div class=\"elementor-element elementor-element-9ec0ddc e-flex e-con-boxed e-con e-parent\" data-id=\"9ec0ddc\" data-element_type=\"container\">\n\t\t\t\t\t<div class=\"e-con-inner\">\n\t\t\t\t<div class=\"elementor-element elementor-element-94013d0 elementor-grid-2 elementor-grid-tablet-2 elementor-grid-mobile-1 elementor-posts--thumbnail-top elementor-card-shadow-yes elementor-posts__hover-gradient elementor-widget elementor-widget-posts\" data-id=\"94013d0\" data-element_type=\"widget\" data-settings=\"{&quot;cards_columns&quot;:&quot;2&quot;,&quot;cards_masonry&quot;:&quot;yes&quot;,&quot;cards_columns_tablet&quot;:&quot;2&quot;,&quot;cards_columns_mobile&quot;:&quot;1&quot;,&quot;cards_row_gap&quot;:{&quot;unit&quot;:&quot;px&quot;,&quot;size&quot;:35,&quot;sizes&quot;:[]},&quot;cards_row_gap_tablet&quot;:{&quot;unit&quot;:&quot;px&quot;,&quot;size&quot;:&quot;&quot;,&quot;sizes&quot;:[]},&quot;cards_row_gap_mobile&quot;:{&quot;unit&quot;:&quot;px&quot;,&quot;size&quot;:&quot;&quot;,&quot;sizes&quot;:[]}}\" data-widget_type=\"posts.cards\">\n\t\t\t\t<div class=\"elementor-widget-container\">\n\t\t\t\t\t\t\t<div class=\"elementor-posts-container elementor-posts elementor-posts--skin-cards elementor-grid\">\n\t\t\t\t<article class=\"elementor-post elementor-grid-item post-3526 post type-post status-publish format-standard has-post-thumbnail hentry category-travaux\">\n\t\t\t<div class=\"elementor-post__card\">\n\t\t\t\t<a class=\"elementor-post__thumbnail__link\" href=\"https:\/\/domaineduchateau-epinal.com\/index.php\/sanitaires-entierement-renoves-2026\/\" tabindex=\"-1\" ><div class=\"elementor-post__thumbnail\"><img fetchpriority=\"high\" decoding=\"async\" width=\"900\" height=\"600\" src=\"https:\/\/domaineduchateau-epinal.com\/wp-content\/uploads\/2026\/04\/Activites-Vosges.jpg\" class=\"attachment-large size-large wp-image-3528\" alt=\"Renovations des sanitaires\" srcset=\"https:\/\/domaineduchateau-epinal.com\/wp-content\/uploads\/2026\/04\/Activites-Vosges.jpg 900w, https:\/\/domaineduchateau-epinal.com\/wp-content\/uploads\/2026\/04\/Activites-Vosges-300x200.jpg 300w, https:\/\/domaineduchateau-epinal.com\/wp-content\/uploads\/2026\/04\/Activites-Vosges-768x512.jpg 768w\" sizes=\"(max-width: 900px) 100vw, 900px\" \/><\/div><\/a>\n\t\t\t\t<div class=\"elementor-post__badge\">Travaux<\/div>\n\t\t\t\t<div class=\"elementor-post__text\">\n\t\t\t\t<h3 class=\"elementor-post__title\">\n\t\t\t<a href=\"https:\/\/domaineduchateau-epinal.com\/index.php\/sanitaires-entierement-renoves-2026\/\" >\n\t\t\t\tNouveaut\u00e9 2026 : Sanitaires enti\u00e8rement r\u00e9nov\u00e9s\t\t\t<\/a>\n\t\t<\/h3>\n\t\t\n\t\t<a class=\"elementor-post__read-more\" href=\"https:\/\/domaineduchateau-epinal.com\/index.php\/sanitaires-entierement-renoves-2026\/\" aria-label=\"En savoir plus sur Nouveaut\u00e9 2026 : Sanitaires enti\u00e8rement r\u00e9nov\u00e9s\" tabindex=\"-1\" >\n\t\t\tLees het artikel \"\t\t<\/a>\n\n\t\t\t\t<\/div>\n\t\t\t\t<div class=\"elementor-post__meta-data\">\n\t\t\t\t\t<span class=\"elementor-post-date\">\n\t\t\t7 avril 2026\t\t<\/span>\n\t\t\t\t<\/div>\n\t\t\t\t\t<\/div>\n\t\t<\/article>\n\t\t\t\t<article class=\"elementor-post elementor-grid-item post-2196 post type-post status-publish format-standard has-post-thumbnail hentry category-activites\">\n\t\t\t<div class=\"elementor-post__card\">\n\t\t\t\t<a class=\"elementor-post__thumbnail__link\" href=\"https:\/\/domaineduchateau-epinal.com\/index.php\/top-10-des-activites-a-faire-autour-du-domaine-du-chateau-a-epinal\/\" tabindex=\"-1\" ><div class=\"elementor-post__thumbnail\"><img decoding=\"async\" width=\"900\" height=\"600\" src=\"https:\/\/domaineduchateau-epinal.com\/wp-content\/uploads\/2025\/02\/2.jpg\" class=\"attachment-large size-large wp-image-2229\" alt=\"Les meilleures activit\u00e9s dans les Vosges\" srcset=\"https:\/\/domaineduchateau-epinal.com\/wp-content\/uploads\/2025\/02\/2.jpg 900w, https:\/\/domaineduchateau-epinal.com\/wp-content\/uploads\/2025\/02\/2-300x200.jpg 300w, https:\/\/domaineduchateau-epinal.com\/wp-content\/uploads\/2025\/02\/2-768x512.jpg 768w, https:\/\/domaineduchateau-epinal.com\/wp-content\/uploads\/2025\/02\/2-600x400.jpg 600w\" sizes=\"(max-width: 900px) 100vw, 900px\" \/><\/div><\/a>\n\t\t\t\t<div class=\"elementor-post__badge\">Activit\u00e9s<\/div>\n\t\t\t\t<div class=\"elementor-post__text\">\n\t\t\t\t<h3 class=\"elementor-post__title\">\n\t\t\t<a href=\"https:\/\/domaineduchateau-epinal.com\/index.php\/top-10-des-activites-a-faire-autour-du-domaine-du-chateau-a-epinal\/\" >\n\t\t\t\tTop 10 des activit\u00e9s \u00e0 faire autour du Camping du Domaine du Ch\u00e2teau \u00e0 \u00c9pinal\t\t\t<\/a>\n\t\t<\/h3>\n\t\t\n\t\t<a class=\"elementor-post__read-more\" href=\"https:\/\/domaineduchateau-epinal.com\/index.php\/top-10-des-activites-a-faire-autour-du-domaine-du-chateau-a-epinal\/\" aria-label=\"En savoir plus sur Top 10 des activit\u00e9s \u00e0 faire autour du Camping du Domaine du Ch\u00e2teau \u00e0 \u00c9pinal\" tabindex=\"-1\" >\n\t\t\tLees het artikel \"\t\t<\/a>\n\n\t\t\t\t<\/div>\n\t\t\t\t<div class=\"elementor-post__meta-data\">\n\t\t\t\t\t<span class=\"elementor-post-date\">\n\t\t\t11 f\u00e9vrier 2025\t\t<\/span>\n\t\t\t\t<\/div>\n\t\t\t\t\t<\/div>\n\t\t<\/article>\n\t\t\t\t<article class=\"elementor-post elementor-grid-item post-2132 post type-post status-publish format-standard has-post-thumbnail hentry category-camping\">\n\t\t\t<div class=\"elementor-post__card\">\n\t\t\t\t<a class=\"elementor-post__thumbnail__link\" href=\"https:\/\/domaineduchateau-epinal.com\/index.php\/5-raisons-de-choisir-le-camping-du-domaine-du-chateau-pour-vos-vacances-a-epinal\/\" tabindex=\"-1\" ><div class=\"elementor-post__thumbnail\"><img decoding=\"async\" width=\"900\" height=\"600\" src=\"https:\/\/domaineduchateau-epinal.com\/wp-content\/uploads\/2025\/02\/1.jpg\" class=\"attachment-large size-large wp-image-2230\" alt=\"Pourquoi choisir notre camping \u00e0 \u00e9pinal\" srcset=\"https:\/\/domaineduchateau-epinal.com\/wp-content\/uploads\/2025\/02\/1.jpg 900w, https:\/\/domaineduchateau-epinal.com\/wp-content\/uploads\/2025\/02\/1-300x200.jpg 300w, https:\/\/domaineduchateau-epinal.com\/wp-content\/uploads\/2025\/02\/1-768x512.jpg 768w, https:\/\/domaineduchateau-epinal.com\/wp-content\/uploads\/2025\/02\/1-600x400.jpg 600w\" sizes=\"(max-width: 900px) 100vw, 900px\" \/><\/div><\/a>\n\t\t\t\t<div class=\"elementor-post__badge\">Camping<\/div>\n\t\t\t\t<div class=\"elementor-post__text\">\n\t\t\t\t<h3 class=\"elementor-post__title\">\n\t\t\t<a href=\"https:\/\/domaineduchateau-epinal.com\/index.php\/5-raisons-de-choisir-le-camping-du-domaine-du-chateau-pour-vos-vacances-a-epinal\/\" >\n\t\t\t\t5 raisons de choisir le Camping du Domaine du Ch\u00e2teau pour vos vacances \u00e0 \u00c9pinal\t\t\t<\/a>\n\t\t<\/h3>\n\t\t\n\t\t<a class=\"elementor-post__read-more\" href=\"https:\/\/domaineduchateau-epinal.com\/index.php\/5-raisons-de-choisir-le-camping-du-domaine-du-chateau-pour-vos-vacances-a-epinal\/\" aria-label=\"En savoir plus sur 5 raisons de choisir le Camping du Domaine du Ch\u00e2teau pour vos vacances \u00e0 \u00c9pinal\" tabindex=\"-1\" >\n\t\t\tLees het artikel \"\t\t<\/a>\n\n\t\t\t\t<\/div>\n\t\t\t\t<div class=\"elementor-post__meta-data\">\n\t\t\t\t\t<span class=\"elementor-post-date\">\n\t\t\t10 f\u00e9vrier 2025\t\t<\/span>\n\t\t\t\t<\/div>\n\t\t\t\t\t<\/div>\n\t\t<\/article>\n\t\t\t\t<\/div>\n\t\t\n\t\t\t\t\t\t<\/div>\n\t\t\t\t<\/div>\n\t\t\t\t\t<\/div>\n\t\t\t\t<\/div>\n\t\t\t\t<\/div>\n\t\t","protected":false},"excerpt":{"rendered":"<p>ONZE BLOG<\/p>\n","protected":false},"author":1,"featured_media":0,"parent":0,"menu_order":0,"comment_status":"closed","ping_status":"closed","template":"elementor_header_footer","meta":{"footnotes":""},"class_list":["post-2714","page","type-page","status-publish","hentry"],"yoast_head":"<!-- This site is optimized with the Yoast SEO plugin v24.6 - https:\/\/yoast.com\/wordpress\/plugins\/seo\/ -->\n<title>Onze blog - Domaine du Ch\u00e2teau \u00c9pinal<\/title>\n<meta name=\"robots\" content=\"index, follow, max-snippet:-1, max-image-preview:large, max-video-preview:-1\" \/>\n<link rel=\"canonical\" href=\"https:\/\/domaineduchateau-epinal.com\/index.php\/onze-blog\/?lang=nl\" \/>\n<meta property=\"og:locale\" content=\"fr_FR\" \/>\n<meta property=\"og:type\" content=\"article\" \/>\n<meta property=\"og:title\" content=\"Onze blog - Domaine du Ch\u00e2teau \u00c9pinal\" \/>\n<meta property=\"og:description\" content=\"ONZE BLOG\" \/>\n<meta property=\"og:url\" content=\"https:\/\/domaineduchateau-epinal.com\/index.php\/onze-blog\/?lang=nl\" \/>\n<meta property=\"og:site_name\" content=\"Domaine du Ch\u00e2teau \u00c9pinal\" \/>\n<meta property=\"article:publisher\" content=\"https:\/\/www.facebook.com\/Domaineduchateauepinal\" \/>\n<meta property=\"article:modified_time\" content=\"2025-02-24T17:36:41+00:00\" \/>\n<meta name=\"twitter:card\" content=\"summary_large_image\" \/>\n<script type=\"application\/ld+json\" class=\"yoast-schema-graph\">{\"@context\":\"https:\/\/schema.org\",\"@graph\":[{\"@type\":\"WebPage\",\"@id\":\"https:\/\/domaineduchateau-epinal.com\/index.php\/onze-blog\/?lang=nl\",\"url\":\"https:\/\/domaineduchateau-epinal.com\/index.php\/onze-blog\/?lang=nl\",\"name\":\"Onze blog - Domaine du Ch\u00e2teau \u00c9pinal\",\"isPartOf\":{\"@id\":\"https:\/\/domaineduchateau-epinal.com\/#website\"},\"datePublished\":\"2024-12-30T08:49:25+00:00\",\"dateModified\":\"2025-02-24T17:36:41+00:00\",\"breadcrumb\":{\"@id\":\"https:\/\/domaineduchateau-epinal.com\/index.php\/onze-blog\/?lang=nl#breadcrumb\"},\"inLanguage\":\"fr-FR\",\"potentialAction\":[{\"@type\":\"ReadAction\",\"target\":[\"https:\/\/domaineduchateau-epinal.com\/index.php\/onze-blog\/?lang=nl\"]}]},{\"@type\":\"BreadcrumbList\",\"@id\":\"https:\/\/domaineduchateau-epinal.com\/index.php\/onze-blog\/?lang=nl#breadcrumb\",\"itemListElement\":[{\"@type\":\"ListItem\",\"position\":1,\"name\":\"Accueil\",\"item\":\"https:\/\/domaineduchateau-epinal.com\/\"},{\"@type\":\"ListItem\",\"position\":2,\"name\":\"Onze blog\"}]},{\"@type\":\"WebSite\",\"@id\":\"https:\/\/domaineduchateau-epinal.com\/#website\",\"url\":\"https:\/\/domaineduchateau-epinal.com\/\",\"name\":\"Domaine du Ch\u00e2teau \u00c9pinal\",\"description\":\"\",\"publisher\":{\"@id\":\"https:\/\/domaineduchateau-epinal.com\/#organization\"},\"potentialAction\":[{\"@type\":\"SearchAction\",\"target\":{\"@type\":\"EntryPoint\",\"urlTemplate\":\"https:\/\/domaineduchateau-epinal.com\/?s={search_term_string}\"},\"query-input\":{\"@type\":\"PropertyValueSpecification\",\"valueRequired\":true,\"valueName\":\"search_term_string\"}}],\"inLanguage\":\"fr-FR\"},{\"@type\":\"Organization\",\"@id\":\"https:\/\/domaineduchateau-epinal.com\/#organization\",\"name\":\"Domaine du Ch\u00e2teau \u00c9pinal\",\"url\":\"https:\/\/domaineduchateau-epinal.com\/\",\"logo\":{\"@type\":\"ImageObject\",\"inLanguage\":\"fr-FR\",\"@id\":\"https:\/\/domaineduchateau-epinal.com\/#\/schema\/logo\/image\/\",\"url\":\"https:\/\/domaineduchateau-epinal.com\/wp-content\/uploads\/2025\/01\/Design-sans-titre-87.png\",\"contentUrl\":\"https:\/\/domaineduchateau-epinal.com\/wp-content\/uploads\/2025\/01\/Design-sans-titre-87.png\",\"width\":405,\"height\":150,\"caption\":\"Domaine du Ch\u00e2teau \u00c9pinal\"},\"image\":{\"@id\":\"https:\/\/domaineduchateau-epinal.com\/#\/schema\/logo\/image\/\"},\"sameAs\":[\"https:\/\/www.facebook.com\/Domaineduchateauepinal\"]}]}<\/script>\n<!-- \/ Yoast SEO plugin. -->","yoast_head_json":{"title":"Onze blog - Domaine du Ch\u00e2teau \u00c9pinal","robots":{"index":"index","follow":"follow","max-snippet":"max-snippet:-1","max-image-preview":"max-image-preview:large","max-video-preview":"max-video-preview:-1"},"canonical":"https:\/\/domaineduchateau-epinal.com\/index.php\/onze-blog\/?lang=nl","og_locale":"fr_FR","og_type":"article","og_title":"Onze blog - Domaine du Ch\u00e2teau \u00c9pinal","og_description":"ONZE BLOG","og_url":"https:\/\/domaineduchateau-epinal.com\/index.php\/onze-blog\/?lang=nl","og_site_name":"Domaine du Ch\u00e2teau \u00c9pinal","article_publisher":"https:\/\/www.facebook.com\/Domaineduchateauepinal","article_modified_time":"2025-02-24T17:36:41+00:00","twitter_card":"summary_large_image","schema":{"@context":"https:\/\/schema.org","@graph":[{"@type":"WebPage","@id":"https:\/\/domaineduchateau-epinal.com\/index.php\/onze-blog\/?lang=nl","url":"https:\/\/domaineduchateau-epinal.com\/index.php\/onze-blog\/?lang=nl","name":"Onze blog - Domaine du Ch\u00e2teau \u00c9pinal","isPartOf":{"@id":"https:\/\/domaineduchateau-epinal.com\/#website"},"datePublished":"2024-12-30T08:49:25+00:00","dateModified":"2025-02-24T17:36:41+00:00","breadcrumb":{"@id":"https:\/\/domaineduchateau-epinal.com\/index.php\/onze-blog\/?lang=nl#breadcrumb"},"inLanguage":"fr-FR","potentialAction":[{"@type":"ReadAction","target":["https:\/\/domaineduchateau-epinal.com\/index.php\/onze-blog\/?lang=nl"]}]},{"@type":"BreadcrumbList","@id":"https:\/\/domaineduchateau-epinal.com\/index.php\/onze-blog\/?lang=nl#breadcrumb","itemListElement":[{"@type":"ListItem","position":1,"name":"Accueil","item":"https:\/\/domaineduchateau-epinal.com\/"},{"@type":"ListItem","position":2,"name":"Onze blog"}]},{"@type":"WebSite","@id":"https:\/\/domaineduchateau-epinal.com\/#website","url":"https:\/\/domaineduchateau-epinal.com\/","name":"Domaine du Ch\u00e2teau \u00c9pinal","description":"","publisher":{"@id":"https:\/\/domaineduchateau-epinal.com\/#organization"},"potentialAction":[{"@type":"SearchAction","target":{"@type":"EntryPoint","urlTemplate":"https:\/\/domaineduchateau-epinal.com\/?s={search_term_string}"},"query-input":{"@type":"PropertyValueSpecification","valueRequired":true,"valueName":"search_term_string"}}],"inLanguage":"fr-FR"},{"@type":"Organization","@id":"https:\/\/domaineduchateau-epinal.com\/#organization","name":"Domaine du Ch\u00e2teau \u00c9pinal","url":"https:\/\/domaineduchateau-epinal.com\/","logo":{"@type":"ImageObject","inLanguage":"fr-FR","@id":"https:\/\/domaineduchateau-epinal.com\/#\/schema\/logo\/image\/","url":"https:\/\/domaineduchateau-epinal.com\/wp-content\/uploads\/2025\/01\/Design-sans-titre-87.png","contentUrl":"https:\/\/domaineduchateau-epinal.com\/wp-content\/uploads\/2025\/01\/Design-sans-titre-87.png","width":405,"height":150,"caption":"Domaine du Ch\u00e2teau \u00c9pinal"},"image":{"@id":"https:\/\/domaineduchateau-epinal.com\/#\/schema\/logo\/image\/"},"sameAs":["https:\/\/www.facebook.com\/Domaineduchateauepinal"]}]}},"_links":{"self":[{"href":"https:\/\/domaineduchateau-epinal.com\/index.php\/wp-json\/wp\/v2\/pages\/2714","targetHints":{"allow":["GET"]}}],"collection":[{"href":"https:\/\/domaineduchateau-epinal.com\/index.php\/wp-json\/wp\/v2\/pages"}],"about":[{"href":"https:\/\/domaineduchateau-epinal.com\/index.php\/wp-json\/wp\/v2\/types\/page"}],"author":[{"embeddable":true,"href":"https:\/\/domaineduchateau-epinal.com\/index.php\/wp-json\/wp\/v2\/users\/1"}],"replies":[{"embeddable":true,"href":"https:\/\/domaineduchateau-epinal.com\/index.php\/wp-json\/wp\/v2\/comments?post=2714"}],"version-history":[{"count":2,"href":"https:\/\/domaineduchateau-epinal.com\/index.php\/wp-json\/wp\/v2\/pages\/2714\/revisions"}],"predecessor-version":[{"id":2718,"href":"https:\/\/domaineduchateau-epinal.com\/index.php\/wp-json\/wp\/v2\/pages\/2714\/revisions\/2718"}],"wp:attachment":[{"href":"https:\/\/domaineduchateau-epinal.com\/index.php\/wp-json\/wp\/v2\/media?parent=2714"}],"curies":[{"name":"wp","href":"https:\/\/api.w.org\/{rel}","templated":true}]}}