{"id":1686,"date":"2017-06-30T09:48:28","date_gmt":"2017-06-30T09:48:28","guid":{"rendered":"http:\/\/www.nicdarkthemes.com\/themes\/hotel\/wp\/demo\/?page_id=18"},"modified":"2025-03-02T14:16:49","modified_gmt":"2025-03-02T13:16:49","slug":"contact","status":"publish","type":"page","link":"https:\/\/domaineduchateau-epinal.com\/index.php\/contact\/","title":{"rendered":"Contact"},"content":{"rendered":"<div class=\"wpb-content-wrapper\"><p>[vc_row css=\u00a0\u00bb.vc_custom_1736995545759{margin-top: 50px !important;}\u00a0\u00bb][vc_column width=\u00a0\u00bb1\/2&Prime; css=\u00a0\u00bb.vc_custom_1467214267244{padding-top: 10px !important;padding-bottom: 10px !important;}\u00a0\u00bb] <h2 style=\"color:;padding:px;text-align:;font-size:25px;line-height:25px;letter-spacing: px;font-weight:normal\" class=\"   nd_options_first_font \">Contactez nous<\/h2> <div style=\"background-color:;height: 20px\" class=\"nicdark_section  \"><\/div>[vc_column_text css=\u00a0\u00bb\u00a0\u00bb]<\/p>\n<p class=\"p1\">Vous avez une question ou besoin d\u2019informations suppl\u00e9mentaires ? Remplissez le formulaire ci-dessous et notre \u00e9quipe vous r\u00e9pondra dans les plus brefs d\u00e9lais. Nous sommes l\u00e0 pour vous accompagner !<\/p>\n<p>[\/vc_column_text]<div style=\"background-color:;height: 20px\" class=\"nicdark_section  \"><\/div>[vc_raw_html css=\u00a0\u00bb\u00a0\u00bb]JTVCZm9ybWluYXRvcl9mb3JtJTIwaWQlM0QlMjIxOTIwJTIyJTVE[\/vc_raw_html][\/vc_column][vc_column width=\u00a0\u00bb1\/2&Prime; css=\u00a0\u00bb.vc_custom_1467214272039{padding-top: 10px !important;padding-bottom: 10px !important;}\u00a0\u00bb] <h2 style=\"color:;padding:px;text-align:;font-size:25px;line-height:25px;letter-spacing: px;font-weight:normal\" class=\"   nd_options_first_font \">Informations utiles<\/h2> [vc_gmaps link=\u00a0\u00bb#E-8_JTNDaWZyYW1lJTIwc3JjJTNEJTIyaHR0cHMlM0ElMkYlMkZ3d3cuZ29vZ2xlLmNvbSUyRm1hcHMlMkZlbWJlZCUzRnBiJTNEJTIxMW0xOCUyMTFtMTIlMjExbTMlMjExZDI3NzguNjQ0Mjg3NjY0MjA4JTIxMmQ2LjQ2NTg0NTA3NjU1NTgzNyUyMTNkNDguMTc5NzYyODcxMjQ4MTk0JTIxMm0zJTIxMWYwJTIxMmYwJTIxM2YwJTIxM20yJTIxMWkxMDI0JTIxMmk3NjglMjE0ZjEzLjElMjEzbTMlMjExbTIlMjExczB4NDc5M2EwNWVkNWNmYWU5NSUyNTNBMHhhYzllNmQ2YjYyZDFlMjFiJTIxMnNEb21haW5lJTI1MjBkdSUyNTIwQ2glMjVDMyUyNUEydGVhdS1FcGluYWwlMjE1ZTElMjEzbTIlMjExc2ZyJTIxMnN0biUyMTR2MTczNjk4NzcwODMyNSUyMTVtMiUyMTFzZnIlMjEyc3RuJTIyJTIwd2lkdGglM0QlMjI2MDAlMjIlMjBoZWlnaHQlM0QlMjI0NTAlMjIlMjBzdHlsZSUzRCUyMmJvcmRlciUzQTAlM0IlMjIlMjBhbGxvd2Z1bGxzY3JlZW4lM0QlMjIlMjIlMjBsb2FkaW5nJTNEJTIybGF6eSUyMiUyMHJlZmVycmVycG9saWN5JTNEJTIybm8tcmVmZXJyZXItd2hlbi1kb3duZ3JhZGUlMjIlM0UlM0MlMkZpZnJhbWUlM0U=\u00a0\u00bb size=\u00a0\u00bb260&Prime; css=\u00a0\u00bb.vc_custom_1736988691050{padding-top: 20px !important;}\u00a0\u00bb]<div style=\"background-color:;height: 25px\" class=\"nicdark_section  \"><\/div>[vc_row_inner][vc_column_inner width=\u00a0\u00bb1\/2&Prime;][vc_column_text css=\u00a0\u00bb.vc_custom_1736988734005{margin-bottom: 20px !important;}\u00a0\u00bb]<\/p>\n<h4 style=\"text-align: left;\">Adresse :<\/h4>\n<p>Domaine du Ch\u00e2teau-Epinal<br \/>\n37 Chemin Du Petit Chaperon Rouge,<br \/>\n88000 EPINAL &#8211; FRANCE[\/vc_column_text][vc_btn title=\u00a0\u00bbItin\u00e9raire vers le camping\u00a0\u00bb color=\u00a0\u00bbgreen\u00a0\u00bb i_icon_fontawesome=\u00a0\u00bbfas fa-directions\u00a0\u00bb css=\u00a0\u00bb\u00a0\u00bb add_icon=\u00a0\u00bbtrue\u00a0\u00bb link=\u00a0\u00bburl:https%3A%2F%2Fwww.google.com%2Fmaps%2Fdir%2F%2FDomaine%2Bdu%2BCh%25C3%25A2teau-Epinal%2C%2B37%2BChem.%2Bdu%2BPetit%2BChaperon%2BRouge%2C%2B88000%2B%25C3%2589pinal%2C%2BFrance%2F%4048.1797629%2C6.4658451%2C638m%2Fdata%3D!3m1!1e3!4m9!4m8!1m0!1m5!1m1!1s0x4793a05ed5cfae95%3A0xac9e6d6b62d1e21b!2m2!1d6.46842!2d48.1797629!3e0%3Fentry%3Dttu%26g_ep%3DEgoyMDI1MDExMC4wIKXMDSoASAFQAw%253D%253D\u00a0\u00bb][\/vc_column_inner][vc_column_inner width=\u00a0\u00bb1\/2&Prime;][vc_column_text css=\u00a0\u00bb\u00a0\u00bb]<\/p>\n<h4>Contact :<\/h4>\n<p><a href=\"tel:+33 3 29 34 43 65\">+33 3 29 34 43 65<\/a><\/p>\n<p><a href=\"mailto:reception@domaineduchateau-epinal.fr\">reception@domaineduchateau-epinal.fr<\/a>[\/vc_column_text][\/vc_column_inner][\/vc_row_inner]<div style=\"background-color:;height: 35px\" class=\"nicdark_section  \"><\/div>[\/vc_column][\/vc_row]<\/p>\n<\/div>","protected":false},"excerpt":{"rendered":"<p>[vc_row css=\u00a0\u00bb.vc_custom_1736995545759{margin-top: 50px !important;}\u00a0\u00bb][vc_column width=\u00a0\u00bb1\/2&Prime; css=\u00a0\u00bb.vc_custom_1467214267244{padding-top: 10px !important;padding-bottom: 10px !important;}\u00a0\u00bb][vc_column_text css=\u00a0\u00bb\u00a0\u00bb] Vous avez une question ou besoin d\u2019informations suppl\u00e9mentaires ? Remplissez le formulaire ci-dessous et notre \u00e9quipe vous r\u00e9pondra dans les plus brefs d\u00e9lais. Nous sommes l\u00e0 pour vous accompagner ! [\/vc_column_text][vc_raw_html css=\u00a0\u00bb\u00a0\u00bb]JTVCZm9ybWluYXRvcl9mb3JtJTIwaWQlM0QlMjIxOTIwJTIyJTVE[\/vc_raw_html][\/vc_column][vc_column width=\u00a0\u00bb1\/2&Prime; css=\u00a0\u00bb.vc_custom_1467214272039{padding-top: 10px !important;padding-bottom: 10px !important;}\u00a0\u00bb][vc_gmaps link=\u00a0\u00bb#E-8_JTNDaWZyYW1lJTIwc3JjJTNEJTIyaHR0cHMlM0ElMkYlMkZ3d3cuZ29vZ2xlLmNvbSUyRm1hcHMlMkZlbWJlZCUzRnBiJTNEJTIxMW0xOCUyMTFtMTIlMjExbTMlMjExZDI3NzguNjQ0Mjg3NjY0MjA4JTIxMmQ2LjQ2NTg0NTA3NjU1NTgzNyUyMTNkNDguMTc5NzYyODcxMjQ4MTk0JTIxMm0zJTIxMWYwJTIxMmYwJTIxM2YwJTIxM20yJTIxMWkxMDI0JTIxMmk3NjglMjE0ZjEzLjElMjEzbTMlMjExbTIlMjExczB4NDc5M2EwNWVkNWNmYWU5NSUyNTNBMHhhYzllNmQ2YjYyZDFlMjFiJTIxMnNEb21haW5lJTI1MjBkdSUyNTIwQ2glMjVDMyUyNUEydGVhdS1FcGluYWwlMjE1ZTElMjEzbTIlMjExc2ZyJTIxMnN0biUyMTR2MTczNjk4NzcwODMyNSUyMTVtMiUyMTFzZnIlMjEyc3RuJTIyJTIwd2lkdGglM0QlMjI2MDAlMjIlMjBoZWlnaHQlM0QlMjI0NTAlMjIlMjBzdHlsZSUzRCUyMmJvcmRlciUzQTAlM0IlMjIlMjBhbGxvd2Z1bGxzY3JlZW4lM0QlMjIlMjIlMjBsb2FkaW5nJTNEJTIybGF6eSUyMiUyMHJlZmVycmVycG9saWN5JTNEJTIybm8tcmVmZXJyZXItd2hlbi1kb3duZ3JhZGUlMjIlM0UlM0MlMkZpZnJhbWUlM0U=\u00a0\u00bb size=\u00a0\u00bb260&Prime; css=\u00a0\u00bb.vc_custom_1736988691050{padding-top: 20px !important;}\u00a0\u00bb][vc_row_inner][vc_column_inner width=\u00a0\u00bb1\/2&Prime;][vc_column_text [&hellip;]<\/p>\n","protected":false},"author":1,"featured_media":0,"parent":0,"menu_order":0,"comment_status":"closed","ping_status":"closed","template":"","meta":{"footnotes":""},"class_list":["post-1686","page","type-page","status-publish","hentry"],"yoast_head":"<!-- This site is optimized with the Yoast SEO plugin v24.6 - https:\/\/yoast.com\/wordpress\/plugins\/seo\/ -->\n<title>Contact - Domaine du Ch\u00e2teau \u00c9pinal<\/title>\n<meta name=\"robots\" content=\"index, follow, max-snippet:-1, max-image-preview:large, max-video-preview:-1\" \/>\n<link rel=\"canonical\" href=\"https:\/\/domaineduchateau-epinal.com\/index.php\/contact\/\" \/>\n<meta property=\"og:locale\" content=\"fr_FR\" \/>\n<meta property=\"og:type\" content=\"article\" \/>\n<meta property=\"og:title\" content=\"Contact - Domaine du Ch\u00e2teau \u00c9pinal\" \/>\n<meta property=\"og:description\" content=\"[vc_row css=\u00a0\u00bb.vc_custom_1736995545759{margin-top: 50px !important;}\u00a0\u00bb][vc_column width=\u00a0\u00bb1\/2&Prime; css=\u00a0\u00bb.vc_custom_1467214267244{padding-top: 10px !important;padding-bottom: 10px !important;}\u00a0\u00bb][vc_column_text css=\u00a0\u00bb\u00a0\u00bb] Vous avez une question ou besoin d\u2019informations suppl\u00e9mentaires ? Remplissez le formulaire ci-dessous et notre \u00e9quipe vous r\u00e9pondra dans les plus brefs d\u00e9lais. Nous sommes l\u00e0 pour vous accompagner ! [\/vc_column_text][vc_raw_html css=\u00a0\u00bb\u00a0\u00bb]JTVCZm9ybWluYXRvcl9mb3JtJTIwaWQlM0QlMjIxOTIwJTIyJTVE[\/vc_raw_html][\/vc_column][vc_column width=\u00a0\u00bb1\/2&Prime; css=\u00a0\u00bb.vc_custom_1467214272039{padding-top: 10px !important;padding-bottom: 10px !important;}\u00a0\u00bb][vc_gmaps link=\u00a0\u00bb#E-8_JTNDaWZyYW1lJTIwc3JjJTNEJTIyaHR0cHMlM0ElMkYlMkZ3d3cuZ29vZ2xlLmNvbSUyRm1hcHMlMkZlbWJlZCUzRnBiJTNEJTIxMW0xOCUyMTFtMTIlMjExbTMlMjExZDI3NzguNjQ0Mjg3NjY0MjA4JTIxMmQ2LjQ2NTg0NTA3NjU1NTgzNyUyMTNkNDguMTc5NzYyODcxMjQ4MTk0JTIxMm0zJTIxMWYwJTIxMmYwJTIxM2YwJTIxM20yJTIxMWkxMDI0JTIxMmk3NjglMjE0ZjEzLjElMjEzbTMlMjExbTIlMjExczB4NDc5M2EwNWVkNWNmYWU5NSUyNTNBMHhhYzllNmQ2YjYyZDFlMjFiJTIxMnNEb21haW5lJTI1MjBkdSUyNTIwQ2glMjVDMyUyNUEydGVhdS1FcGluYWwlMjE1ZTElMjEzbTIlMjExc2ZyJTIxMnN0biUyMTR2MTczNjk4NzcwODMyNSUyMTVtMiUyMTFzZnIlMjEyc3RuJTIyJTIwd2lkdGglM0QlMjI2MDAlMjIlMjBoZWlnaHQlM0QlMjI0NTAlMjIlMjBzdHlsZSUzRCUyMmJvcmRlciUzQTAlM0IlMjIlMjBhbGxvd2Z1bGxzY3JlZW4lM0QlMjIlMjIlMjBsb2FkaW5nJTNEJTIybGF6eSUyMiUyMHJlZmVycmVycG9saWN5JTNEJTIybm8tcmVmZXJyZXItd2hlbi1kb3duZ3JhZGUlMjIlM0UlM0MlMkZpZnJhbWUlM0U=\u00a0\u00bb size=\u00a0\u00bb260&Prime; css=\u00a0\u00bb.vc_custom_1736988691050{padding-top: 20px !important;}\u00a0\u00bb][vc_row_inner][vc_column_inner width=\u00a0\u00bb1\/2&Prime;][vc_column_text [&hellip;]\" \/>\n<meta property=\"og:url\" content=\"https:\/\/domaineduchateau-epinal.com\/index.php\/contact\/\" \/>\n<meta property=\"og:site_name\" content=\"Domaine du Ch\u00e2teau \u00c9pinal\" \/>\n<meta property=\"article:publisher\" content=\"https:\/\/www.facebook.com\/Domaineduchateauepinal\" \/>\n<meta property=\"article:modified_time\" content=\"2025-03-02T13:16:49+00:00\" \/>\n<meta name=\"twitter:card\" content=\"summary_large_image\" \/>\n<meta name=\"twitter:label1\" content=\"Dur\u00e9e de lecture estim\u00e9e\" \/>\n\t<meta name=\"twitter:data1\" content=\"2 minutes\" \/>\n<script type=\"application\/ld+json\" class=\"yoast-schema-graph\">{\"@context\":\"https:\/\/schema.org\",\"@graph\":[{\"@type\":\"WebPage\",\"@id\":\"https:\/\/domaineduchateau-epinal.com\/index.php\/contact\/\",\"url\":\"https:\/\/domaineduchateau-epinal.com\/index.php\/contact\/\",\"name\":\"Contact - Domaine du Ch\u00e2teau \u00c9pinal\",\"isPartOf\":{\"@id\":\"https:\/\/domaineduchateau-epinal.com\/#website\"},\"datePublished\":\"2017-06-30T09:48:28+00:00\",\"dateModified\":\"2025-03-02T13:16:49+00:00\",\"breadcrumb\":{\"@id\":\"https:\/\/domaineduchateau-epinal.com\/index.php\/contact\/#breadcrumb\"},\"inLanguage\":\"fr-FR\",\"potentialAction\":[{\"@type\":\"ReadAction\",\"target\":[\"https:\/\/domaineduchateau-epinal.com\/index.php\/contact\/\"]}]},{\"@type\":\"BreadcrumbList\",\"@id\":\"https:\/\/domaineduchateau-epinal.com\/index.php\/contact\/#breadcrumb\",\"itemListElement\":[{\"@type\":\"ListItem\",\"position\":1,\"name\":\"Accueil\",\"item\":\"https:\/\/domaineduchateau-epinal.com\/\"},{\"@type\":\"ListItem\",\"position\":2,\"name\":\"Contact\"}]},{\"@type\":\"WebSite\",\"@id\":\"https:\/\/domaineduchateau-epinal.com\/#website\",\"url\":\"https:\/\/domaineduchateau-epinal.com\/\",\"name\":\"Domaine du Ch\u00e2teau \u00c9pinal\",\"description\":\"\",\"publisher\":{\"@id\":\"https:\/\/domaineduchateau-epinal.com\/#organization\"},\"potentialAction\":[{\"@type\":\"SearchAction\",\"target\":{\"@type\":\"EntryPoint\",\"urlTemplate\":\"https:\/\/domaineduchateau-epinal.com\/?s={search_term_string}\"},\"query-input\":{\"@type\":\"PropertyValueSpecification\",\"valueRequired\":true,\"valueName\":\"search_term_string\"}}],\"inLanguage\":\"fr-FR\"},{\"@type\":\"Organization\",\"@id\":\"https:\/\/domaineduchateau-epinal.com\/#organization\",\"name\":\"Domaine du Ch\u00e2teau \u00c9pinal\",\"url\":\"https:\/\/domaineduchateau-epinal.com\/\",\"logo\":{\"@type\":\"ImageObject\",\"inLanguage\":\"fr-FR\",\"@id\":\"https:\/\/domaineduchateau-epinal.com\/#\/schema\/logo\/image\/\",\"url\":\"https:\/\/domaineduchateau-epinal.com\/wp-content\/uploads\/2025\/01\/Design-sans-titre-87.png\",\"contentUrl\":\"https:\/\/domaineduchateau-epinal.com\/wp-content\/uploads\/2025\/01\/Design-sans-titre-87.png\",\"width\":405,\"height\":150,\"caption\":\"Domaine du Ch\u00e2teau \u00c9pinal\"},\"image\":{\"@id\":\"https:\/\/domaineduchateau-epinal.com\/#\/schema\/logo\/image\/\"},\"sameAs\":[\"https:\/\/www.facebook.com\/Domaineduchateauepinal\"]}]}<\/script>\n<!-- \/ Yoast SEO plugin. -->","yoast_head_json":{"title":"Contact - Domaine du Ch\u00e2teau \u00c9pinal","robots":{"index":"index","follow":"follow","max-snippet":"max-snippet:-1","max-image-preview":"max-image-preview:large","max-video-preview":"max-video-preview:-1"},"canonical":"https:\/\/domaineduchateau-epinal.com\/index.php\/contact\/","og_locale":"fr_FR","og_type":"article","og_title":"Contact - Domaine du Ch\u00e2teau \u00c9pinal","og_description":"[vc_row css=\u00a0\u00bb.vc_custom_1736995545759{margin-top: 50px !important;}\u00a0\u00bb][vc_column width=\u00a0\u00bb1\/2&Prime; css=\u00a0\u00bb.vc_custom_1467214267244{padding-top: 10px !important;padding-bottom: 10px !important;}\u00a0\u00bb][vc_column_text css=\u00a0\u00bb\u00a0\u00bb] Vous avez une question ou besoin d\u2019informations suppl\u00e9mentaires ? Remplissez le formulaire ci-dessous et notre \u00e9quipe vous r\u00e9pondra dans les plus brefs d\u00e9lais. Nous sommes l\u00e0 pour vous accompagner ! [\/vc_column_text][vc_raw_html css=\u00a0\u00bb\u00a0\u00bb]JTVCZm9ybWluYXRvcl9mb3JtJTIwaWQlM0QlMjIxOTIwJTIyJTVE[\/vc_raw_html][\/vc_column][vc_column width=\u00a0\u00bb1\/2&Prime; css=\u00a0\u00bb.vc_custom_1467214272039{padding-top: 10px !important;padding-bottom: 10px !important;}\u00a0\u00bb][vc_gmaps link=\u00a0\u00bb#E-8_JTNDaWZyYW1lJTIwc3JjJTNEJTIyaHR0cHMlM0ElMkYlMkZ3d3cuZ29vZ2xlLmNvbSUyRm1hcHMlMkZlbWJlZCUzRnBiJTNEJTIxMW0xOCUyMTFtMTIlMjExbTMlMjExZDI3NzguNjQ0Mjg3NjY0MjA4JTIxMmQ2LjQ2NTg0NTA3NjU1NTgzNyUyMTNkNDguMTc5NzYyODcxMjQ4MTk0JTIxMm0zJTIxMWYwJTIxMmYwJTIxM2YwJTIxM20yJTIxMWkxMDI0JTIxMmk3NjglMjE0ZjEzLjElMjEzbTMlMjExbTIlMjExczB4NDc5M2EwNWVkNWNmYWU5NSUyNTNBMHhhYzllNmQ2YjYyZDFlMjFiJTIxMnNEb21haW5lJTI1MjBkdSUyNTIwQ2glMjVDMyUyNUEydGVhdS1FcGluYWwlMjE1ZTElMjEzbTIlMjExc2ZyJTIxMnN0biUyMTR2MTczNjk4NzcwODMyNSUyMTVtMiUyMTFzZnIlMjEyc3RuJTIyJTIwd2lkdGglM0QlMjI2MDAlMjIlMjBoZWlnaHQlM0QlMjI0NTAlMjIlMjBzdHlsZSUzRCUyMmJvcmRlciUzQTAlM0IlMjIlMjBhbGxvd2Z1bGxzY3JlZW4lM0QlMjIlMjIlMjBsb2FkaW5nJTNEJTIybGF6eSUyMiUyMHJlZmVycmVycG9saWN5JTNEJTIybm8tcmVmZXJyZXItd2hlbi1kb3duZ3JhZGUlMjIlM0UlM0MlMkZpZnJhbWUlM0U=\u00a0\u00bb size=\u00a0\u00bb260&Prime; css=\u00a0\u00bb.vc_custom_1736988691050{padding-top: 20px !important;}\u00a0\u00bb][vc_row_inner][vc_column_inner width=\u00a0\u00bb1\/2&Prime;][vc_column_text [&hellip;]","og_url":"https:\/\/domaineduchateau-epinal.com\/index.php\/contact\/","og_site_name":"Domaine du Ch\u00e2teau \u00c9pinal","article_publisher":"https:\/\/www.facebook.com\/Domaineduchateauepinal","article_modified_time":"2025-03-02T13:16:49+00:00","twitter_card":"summary_large_image","twitter_misc":{"Dur\u00e9e de lecture estim\u00e9e":"2 minutes"},"schema":{"@context":"https:\/\/schema.org","@graph":[{"@type":"WebPage","@id":"https:\/\/domaineduchateau-epinal.com\/index.php\/contact\/","url":"https:\/\/domaineduchateau-epinal.com\/index.php\/contact\/","name":"Contact - Domaine du Ch\u00e2teau \u00c9pinal","isPartOf":{"@id":"https:\/\/domaineduchateau-epinal.com\/#website"},"datePublished":"2017-06-30T09:48:28+00:00","dateModified":"2025-03-02T13:16:49+00:00","breadcrumb":{"@id":"https:\/\/domaineduchateau-epinal.com\/index.php\/contact\/#breadcrumb"},"inLanguage":"fr-FR","potentialAction":[{"@type":"ReadAction","target":["https:\/\/domaineduchateau-epinal.com\/index.php\/contact\/"]}]},{"@type":"BreadcrumbList","@id":"https:\/\/domaineduchateau-epinal.com\/index.php\/contact\/#breadcrumb","itemListElement":[{"@type":"ListItem","position":1,"name":"Accueil","item":"https:\/\/domaineduchateau-epinal.com\/"},{"@type":"ListItem","position":2,"name":"Contact"}]},{"@type":"WebSite","@id":"https:\/\/domaineduchateau-epinal.com\/#website","url":"https:\/\/domaineduchateau-epinal.com\/","name":"Domaine du Ch\u00e2teau \u00c9pinal","description":"","publisher":{"@id":"https:\/\/domaineduchateau-epinal.com\/#organization"},"potentialAction":[{"@type":"SearchAction","target":{"@type":"EntryPoint","urlTemplate":"https:\/\/domaineduchateau-epinal.com\/?s={search_term_string}"},"query-input":{"@type":"PropertyValueSpecification","valueRequired":true,"valueName":"search_term_string"}}],"inLanguage":"fr-FR"},{"@type":"Organization","@id":"https:\/\/domaineduchateau-epinal.com\/#organization","name":"Domaine du Ch\u00e2teau \u00c9pinal","url":"https:\/\/domaineduchateau-epinal.com\/","logo":{"@type":"ImageObject","inLanguage":"fr-FR","@id":"https:\/\/domaineduchateau-epinal.com\/#\/schema\/logo\/image\/","url":"https:\/\/domaineduchateau-epinal.com\/wp-content\/uploads\/2025\/01\/Design-sans-titre-87.png","contentUrl":"https:\/\/domaineduchateau-epinal.com\/wp-content\/uploads\/2025\/01\/Design-sans-titre-87.png","width":405,"height":150,"caption":"Domaine du Ch\u00e2teau \u00c9pinal"},"image":{"@id":"https:\/\/domaineduchateau-epinal.com\/#\/schema\/logo\/image\/"},"sameAs":["https:\/\/www.facebook.com\/Domaineduchateauepinal"]}]}},"_links":{"self":[{"href":"https:\/\/domaineduchateau-epinal.com\/index.php\/wp-json\/wp\/v2\/pages\/1686","targetHints":{"allow":["GET"]}}],"collection":[{"href":"https:\/\/domaineduchateau-epinal.com\/index.php\/wp-json\/wp\/v2\/pages"}],"about":[{"href":"https:\/\/domaineduchateau-epinal.com\/index.php\/wp-json\/wp\/v2\/types\/page"}],"author":[{"embeddable":true,"href":"https:\/\/domaineduchateau-epinal.com\/index.php\/wp-json\/wp\/v2\/users\/1"}],"replies":[{"embeddable":true,"href":"https:\/\/domaineduchateau-epinal.com\/index.php\/wp-json\/wp\/v2\/comments?post=1686"}],"version-history":[{"count":11,"href":"https:\/\/domaineduchateau-epinal.com\/index.php\/wp-json\/wp\/v2\/pages\/1686\/revisions"}],"predecessor-version":[{"id":1941,"href":"https:\/\/domaineduchateau-epinal.com\/index.php\/wp-json\/wp\/v2\/pages\/1686\/revisions\/1941"}],"wp:attachment":[{"href":"https:\/\/domaineduchateau-epinal.com\/index.php\/wp-json\/wp\/v2\/media?parent=1686"}],"curies":[{"name":"wp","href":"https:\/\/api.w.org\/{rel}","templated":true}]}}